{"id":9756,"date":"2020-05-18T15:54:37","date_gmt":"2020-05-18T15:54:37","guid":{"rendered":"https:\/\/www.montbar.com\/?page_id=9756"},"modified":"2025-11-25T14:23:29","modified_gmt":"2025-11-25T14:23:29","slug":"carta","status":"publish","type":"page","link":"https:\/\/sandbox.montbar.com\/ca\/carta\/","title":{"rendered":"Carta"},"content":{"rendered":"<p>[vc_row][vc_column][vc_raw_html]JTNDaDElMjBjbGFzcyUzRCUyMmVsdGQtc2VjdGlvbi10aXRsZSUyMiUzRUNhcnRhJTNDJTJGaDElM0U=[\/vc_raw_html][\/vc_column][\/vc_row][vc_row disable_element=&#8221;yes&#8221;][vc_column]<div class=\"eltd-section-title-outer-holder\" style=\"text-align: center\">\n\n\t\n\t\t\t<div class=\"eltd-section-title-title-holder\">\n\t\t\t\t<h2 class=\"eltd-section-title\" style=\";;;;;;;\">\n\t\t\t\tCARTA\t\t\t\t<\/h2>\n\t\t<\/div>\n\t\n<\/div>[\/vc_column][\/vc_row][vc_row disable_element=&#8221;yes&#8221;][vc_column][vc_column_text]<\/p>\n<p style=\"text-align: center;\"><a href=\"https:\/\/montbar.com\/es\/carta\">ESP <\/a>&#8211; <a href=\"https:\/\/montbar.com\/en\/carta\">ENG <\/a>&#8211; <a href=\"https:\/\/montbar.com\/ca\/carta\">CAT<\/a><\/p>\n<p>[\/vc_column_text][\/vc_column][\/vc_row][vc_row content_width=&#8221;grid&#8221; content_aligment=&#8221;center&#8221; css=&#8221;.vc_custom_1589975720244{padding-top: 95px !important;padding-bottom: 60px !important;}&#8221;][vc_column offset=&#8221;vc_col-lg-offset-3 vc_col-lg-6 vc_col-md-offset-1 vc_col-md-10&#8243;]<div class=\"eltd-section-title-outer-holder\" style=\"text-align: center\">\n\n\t\n\t\t\t<div class=\"eltd-section-title-title-holder\">\n\t\t\t\t<h2 class=\"eltd-section-title\" style=\";;;;;text-transform: None;letter-spacing: 0.5px;\">\n\t\t\t\tSnacks\t\t\t\t<\/h2>\n\t\t<\/div>\n\t\n<\/div>[\/vc_column][\/vc_row][vc_row content_width=&#8221;grid&#8221; css=&#8221;.vc_custom_1475488417808{padding-bottom: 60px !important;}&#8221;][vc_column offset=&#8221;vc_col-lg-6 vc_col-md-6&#8243;]<div class=\"eltd-restaurant-menu\" ><div class=\"eltd-restaurant-menu-holder\"><div class=\"eltd-rstrnt-item\">\n\n\t\n\t<div class=\"eltd-rstrnt-item-inner\">\n\n\t\t\n\t\t\t<div class=\"eltd-rstrnt-title-price-holder clearfix\">\n\n\t\t\t\t\n\t\t\t\t\t<h5 class=\"eltd-rstrnt-title\">\n\t\t\t\t\t\t<span class=\"eltd-rstrnt-title-area\" >\n\t\t\t\t\t\t\tSouffl\u00e9 d\u2019escopinyes\t\t\t\t\t\t\t\t\t\t\t\t\t<\/span>\n\t\t\t\t\t<\/h5>\n\t\t\t\t\n\t\t\t\t\t<div class=\"eltd-rstrnt-price-holder\">\n\t\t\t\t\t\t<h5 class=\"eltd-rstrnt-price\">\n\t\t\t\t\t\t\t<span class=\"eltd-rstrnt-currency\">8.00<\/span>\n\t\t\t\t\t\t\t<span class=\"eltd-rstrnt-number\">\u20ac<\/span>\n\t\t\t\t\t\t<\/h5>\n\t\t\t\t\t<\/div>\n\n\t\t\t\t\n\t\t\t<\/div>\n\n\t\t\n\t\t\t<\/div>\n<\/div><div class=\"eltd-rstrnt-item\">\n\n\t\n\t<div class=\"eltd-rstrnt-item-inner\">\n\n\t\t\n\t\t\t<div class=\"eltd-rstrnt-title-price-holder clearfix\">\n\n\t\t\t\t\n\t\t\t\t\t<h5 class=\"eltd-rstrnt-title\">\n\t\t\t\t\t\t<span class=\"eltd-rstrnt-title-area\" >\n\t\t\t\t\t\t\tS\u00e0ndwich de pell de pollastre i calamar\t\t\t\t\t\t\t\t\t\t\t\t\t<\/span>\n\t\t\t\t\t<\/h5>\n\t\t\t\t\n\t\t\t\t\t<div class=\"eltd-rstrnt-price-holder\">\n\t\t\t\t\t\t<h5 class=\"eltd-rstrnt-price\">\n\t\t\t\t\t\t\t<span class=\"eltd-rstrnt-currency\">8.00<\/span>\n\t\t\t\t\t\t\t<span class=\"eltd-rstrnt-number\">\u20ac<\/span>\n\t\t\t\t\t\t<\/h5>\n\t\t\t\t\t<\/div>\n\n\t\t\t\t\n\t\t\t<\/div>\n\n\t\t\n\t\t\t<\/div>\n<\/div><div class=\"eltd-rstrnt-item\">\n\n\t\n\t<div class=\"eltd-rstrnt-item-inner\">\n\n\t\t\n\t\t\t<div class=\"eltd-rstrnt-title-price-holder clearfix\">\n\n\t\t\t\t\n\t\t\t\t\t<h5 class=\"eltd-rstrnt-title\">\n\t\t\t\t\t\t<span class=\"eltd-rstrnt-title-area\" >\n\t\t\t\t\t\t\tMochi de Sobrasada ib\u00e8rica i formatge Ma\u00f3\t\t\t\t\t\t\t\t\t\t\t\t\t<\/span>\n\t\t\t\t\t<\/h5>\n\t\t\t\t\n\t\t\t\t\t<div class=\"eltd-rstrnt-price-holder\">\n\t\t\t\t\t\t<h5 class=\"eltd-rstrnt-price\">\n\t\t\t\t\t\t\t<span class=\"eltd-rstrnt-currency\">8.00<\/span>\n\t\t\t\t\t\t\t<span class=\"eltd-rstrnt-number\">\u20ac<\/span>\n\t\t\t\t\t\t<\/h5>\n\t\t\t\t\t<\/div>\n\n\t\t\t\t\n\t\t\t<\/div>\n\n\t\t\n\t\t\t<\/div>\n<\/div><div class=\"eltd-rstrnt-item\">\n\n\t\n\t<div class=\"eltd-rstrnt-item-inner\">\n\n\t\t\n\t\t\t<div class=\"eltd-rstrnt-title-price-holder clearfix\">\n\n\t\t\t\t\n\t\t\t\t\t<h5 class=\"eltd-rstrnt-title\">\n\t\t\t\t\t\t<span class=\"eltd-rstrnt-title-area\" >\n\t\t\t\t\t\t\tVol-au-vent de gamba panchuda, tosazu i wasabi\t\t\t\t\t\t\t\t\t\t\t\t\t<\/span>\n\t\t\t\t\t<\/h5>\n\t\t\t\t\n\t\t\t\t\t<div class=\"eltd-rstrnt-price-holder\">\n\t\t\t\t\t\t<h5 class=\"eltd-rstrnt-price\">\n\t\t\t\t\t\t\t<span class=\"eltd-rstrnt-currency\">9.00<\/span>\n\t\t\t\t\t\t\t<span class=\"eltd-rstrnt-number\">\u20ac<\/span>\n\t\t\t\t\t\t<\/h5>\n\t\t\t\t\t<\/div>\n\n\t\t\t\t\n\t\t\t<\/div>\n\n\t\t\n\t\t\t<\/div>\n<\/div><\/div><\/div>[vc_empty_space height=&#8221;30px&#8221;][\/vc_column][vc_column offset=&#8221;vc_col-lg-6 vc_col-md-6&#8243;]<div class=\"eltd-restaurant-menu\" ><div class=\"eltd-restaurant-menu-holder\"><div class=\"eltd-rstrnt-item\">\n\n\t\n\t<div class=\"eltd-rstrnt-item-inner\">\n\n\t\t\n\t\t\t<div class=\"eltd-rstrnt-title-price-holder clearfix\">\n\n\t\t\t\t\n\t\t\t\t\t<h5 class=\"eltd-rstrnt-title\">\n\t\t\t\t\t\t<span class=\"eltd-rstrnt-title-area\" >\n\t\t\t\t\t\t\tTorrada de ceviche amb llobarro\t\t\t\t\t\t\t\t\t\t\t\t\t<\/span>\n\t\t\t\t\t<\/h5>\n\t\t\t\t\n\t\t\t\t\t<div class=\"eltd-rstrnt-price-holder\">\n\t\t\t\t\t\t<h5 class=\"eltd-rstrnt-price\">\n\t\t\t\t\t\t\t<span class=\"eltd-rstrnt-currency\">9.00<\/span>\n\t\t\t\t\t\t\t<span class=\"eltd-rstrnt-number\">\u20ac<\/span>\n\t\t\t\t\t\t<\/h5>\n\t\t\t\t\t<\/div>\n\n\t\t\t\t\n\t\t\t<\/div>\n\n\t\t\n\t\t\t<\/div>\n<\/div><div class=\"eltd-rstrnt-item\">\n\n\t\n\t<div class=\"eltd-rstrnt-item-inner\">\n\n\t\t\n\t\t\t<div class=\"eltd-rstrnt-title-price-holder clearfix\">\n\n\t\t\t\t\n\t\t\t\t\t<h5 class=\"eltd-rstrnt-title\">\n\t\t\t\t\t\t<span class=\"eltd-rstrnt-title-area\" >\n\t\t\t\t\t\t\tRemolatxa, anguila i caviar\t\t\t\t\t\t\t\t\t\t\t\t\t<\/span>\n\t\t\t\t\t<\/h5>\n\t\t\t\t\n\t\t\t\t\t<div class=\"eltd-rstrnt-price-holder\">\n\t\t\t\t\t\t<h5 class=\"eltd-rstrnt-price\">\n\t\t\t\t\t\t\t<span class=\"eltd-rstrnt-currency\">14.00<\/span>\n\t\t\t\t\t\t\t<span class=\"eltd-rstrnt-number\">\u20ac<\/span>\n\t\t\t\t\t\t<\/h5>\n\t\t\t\t\t<\/div>\n\n\t\t\t\t\n\t\t\t<\/div>\n\n\t\t\n\t\t\t<\/div>\n<\/div><div class=\"eltd-rstrnt-item\">\n\n\t\n\t<div class=\"eltd-rstrnt-item-inner\">\n\n\t\t\n\t\t\t<div class=\"eltd-rstrnt-title-price-holder clearfix\">\n\n\t\t\t\t\n\t\t\t\t\t<h5 class=\"eltd-rstrnt-title\">\n\t\t\t\t\t\t<span class=\"eltd-rstrnt-title-area\" >\n\t\t\t\t\t\t\tMilfulles i wagyu, brioix i foie gras\t\t\t\t\t\t\t\t\t\t\t\t\t<\/span>\n\t\t\t\t\t<\/h5>\n\t\t\t\t\n\t\t\t\t\t<div class=\"eltd-rstrnt-price-holder\">\n\t\t\t\t\t\t<h5 class=\"eltd-rstrnt-price\">\n\t\t\t\t\t\t\t<span class=\"eltd-rstrnt-currency\">14.00<\/span>\n\t\t\t\t\t\t\t<span class=\"eltd-rstrnt-number\">\u20ac<\/span>\n\t\t\t\t\t\t<\/h5>\n\t\t\t\t\t<\/div>\n\n\t\t\t\t\n\t\t\t<\/div>\n\n\t\t\n\t\t\t<\/div>\n<\/div><\/div><\/div>[\/vc_column][\/vc_row][vc_row content_width=&#8221;grid&#8221; content_aligment=&#8221;center&#8221; css=&#8221;.vc_custom_1589898590567{padding-top: 1px !important;padding-bottom: 60px !important;}&#8221;][vc_column offset=&#8221;vc_col-lg-offset-3 vc_col-lg-6 vc_col-md-offset-1 vc_col-md-10&#8243;]<div class=\"eltd-section-title-outer-holder\" style=\"text-align: center\">\n\n\t\n\t\t\t<div class=\"eltd-section-title-title-holder\">\n\t\t\t\t<h2 class=\"eltd-section-title\" style=\";;;;;text-transform: None;letter-spacing: 0.5px;\">\n\t\t\t\tTemporada\t\t\t\t<\/h2>\n\t\t<\/div>\n\t\n<\/div>[\/vc_column][\/vc_row][vc_row content_width=&#8221;grid&#8221; css=&#8221;.vc_custom_1475488417808{padding-bottom: 60px !important;}&#8221;][vc_column offset=&#8221;vc_col-lg-6 vc_col-md-6&#8243;]<div class=\"eltd-restaurant-menu\" ><div class=\"eltd-restaurant-menu-holder\"><div class=\"eltd-rstrnt-item\">\n\n\t\n\t<div class=\"eltd-rstrnt-item-inner\">\n\n\t\t\n\t\t\t<div class=\"eltd-rstrnt-title-price-holder clearfix\">\n\n\t\t\t\t\n\t\t\t\t\t<h5 class=\"eltd-rstrnt-title\">\n\t\t\t\t\t\t<span class=\"eltd-rstrnt-title-area\" >\n\t\t\t\t\t\t\tTerrina d&#039;alga sodium, eri\u00e7\u00f3 de mar i salsa de laur\u00e9ncia\t\t\t\t\t\t\t\t\t\t\t\t\t<\/span>\n\t\t\t\t\t<\/h5>\n\t\t\t\t\n\t\t\t\t\t<div class=\"eltd-rstrnt-price-holder\">\n\t\t\t\t\t\t<h5 class=\"eltd-rstrnt-price\">\n\t\t\t\t\t\t\t<span class=\"eltd-rstrnt-currency\">32.00<\/span>\n\t\t\t\t\t\t\t<span class=\"eltd-rstrnt-number\">\u20ac<\/span>\n\t\t\t\t\t\t<\/h5>\n\t\t\t\t\t<\/div>\n\n\t\t\t\t\n\t\t\t<\/div>\n\n\t\t\n\t\t\t<\/div>\n<\/div><\/div><\/div>[vc_empty_space height=&#8221;30px&#8221;][\/vc_column][vc_column offset=&#8221;vc_col-lg-6 vc_col-md-6&#8243;]<div class=\"eltd-restaurant-menu\" ><div class=\"eltd-restaurant-menu-holder\"><div class=\"eltd-rstrnt-item\">\n\n\t\n\t<div class=\"eltd-rstrnt-item-inner\">\n\n\t\t\n\t\t\t<div class=\"eltd-rstrnt-title-price-holder clearfix\">\n\n\t\t\t\t\n\t\t\t\t\t<h5 class=\"eltd-rstrnt-title\">\n\t\t\t\t\t\t<span class=\"eltd-rstrnt-title-area\" >\n\t\t\t\t\t\t\tNavalla amb ponzu a la donostiarra\t\t\t\t\t\t\t\t\t\t\t\t\t<\/span>\n\t\t\t\t\t<\/h5>\n\t\t\t\t\n\t\t\t\t\t<div class=\"eltd-rstrnt-price-holder\">\n\t\t\t\t\t\t<h5 class=\"eltd-rstrnt-price\">\n\t\t\t\t\t\t\t<span class=\"eltd-rstrnt-currency\">20.00<\/span>\n\t\t\t\t\t\t\t<span class=\"eltd-rstrnt-number\">\u20ac<\/span>\n\t\t\t\t\t\t<\/h5>\n\t\t\t\t\t<\/div>\n\n\t\t\t\t\n\t\t\t<\/div>\n\n\t\t\n\t\t\t<\/div>\n<\/div><\/div><\/div>[\/vc_column][\/vc_row][vc_row content_width=&#8221;grid&#8221; content_aligment=&#8221;center&#8221; css=&#8221;.vc_custom_1589973758586{padding-top: 1px !important;padding-bottom: 60px !important;}&#8221;][vc_column offset=&#8221;vc_col-lg-offset-3 vc_col-lg-6 vc_col-md-offset-1 vc_col-md-10&#8243;]<div class=\"eltd-section-title-outer-holder\" style=\"text-align: center\">\n\n\t\n\t\t\t<div class=\"eltd-section-title-title-holder\">\n\t\t\t\t<h2 class=\"eltd-section-title\" style=\";;;;;text-transform: None;letter-spacing: 0.5px;\">\n\t\t\t\tEl Mar\t\t\t\t<\/h2>\n\t\t<\/div>\n\t\n<\/div>[\/vc_column][\/vc_row][vc_row content_width=&#8221;grid&#8221; css=&#8221;.vc_custom_1475488417808{padding-bottom: 60px !important;}&#8221;][vc_column offset=&#8221;vc_col-lg-6 vc_col-md-6&#8243;]<div class=\"eltd-restaurant-menu\" ><div class=\"eltd-restaurant-menu-holder\"><div class=\"eltd-rstrnt-item\">\n\n\t\n\t<div class=\"eltd-rstrnt-item-inner\">\n\n\t\t\n\t\t\t<div class=\"eltd-rstrnt-title-price-holder clearfix\">\n\n\t\t\t\t\n\t\t\t\t\t<h5 class=\"eltd-rstrnt-title\">\n\t\t\t\t\t\t<span class=\"eltd-rstrnt-title-area\" >\n\t\t\t\t\t\t\tVentresca de tonyina amb emulsi\u00f3 de pinyons\t\t\t\t\t\t\t\t\t\t\t\t\t<\/span>\n\t\t\t\t\t<\/h5>\n\t\t\t\t\n\t\t\t\t\t<div class=\"eltd-rstrnt-price-holder\">\n\t\t\t\t\t\t<h5 class=\"eltd-rstrnt-price\">\n\t\t\t\t\t\t\t<span class=\"eltd-rstrnt-currency\">35.00<\/span>\n\t\t\t\t\t\t\t<span class=\"eltd-rstrnt-number\">\u20ac<\/span>\n\t\t\t\t\t\t<\/h5>\n\t\t\t\t\t<\/div>\n\n\t\t\t\t\n\t\t\t<\/div>\n\n\t\t\n\t\t\t<\/div>\n<\/div><div class=\"eltd-rstrnt-item\">\n\n\t\n\t<div class=\"eltd-rstrnt-item-inner\">\n\n\t\t\n\t\t\t<div class=\"eltd-rstrnt-title-price-holder clearfix\">\n\n\t\t\t\t\n\t\t\t\t\t<h5 class=\"eltd-rstrnt-title\">\n\t\t\t\t\t\t<span class=\"eltd-rstrnt-title-area\" >\n\t\t\t\t\t\t\tGamba vermeil, pollastre de pag\u00e8s i bunyols de patata\t\t\t\t\t\t\t\t\t\t\t\t\t<\/span>\n\t\t\t\t\t<\/h5>\n\t\t\t\t\n\t\t\t\t\t<div class=\"eltd-rstrnt-price-holder\">\n\t\t\t\t\t\t<h5 class=\"eltd-rstrnt-price\">\n\t\t\t\t\t\t\t<span class=\"eltd-rstrnt-currency\">40.00<\/span>\n\t\t\t\t\t\t\t<span class=\"eltd-rstrnt-number\">\u20ac<\/span>\n\t\t\t\t\t\t<\/h5>\n\t\t\t\t\t<\/div>\n\n\t\t\t\t\n\t\t\t<\/div>\n\n\t\t\n\t\t\t<\/div>\n<\/div><\/div><\/div>[vc_empty_space height=&#8221;30px&#8221;][\/vc_column][vc_column offset=&#8221;vc_col-lg-6 vc_col-md-6&#8243;]<div class=\"eltd-restaurant-menu\" ><div class=\"eltd-restaurant-menu-holder\"><div class=\"eltd-rstrnt-item\">\n\n\t\n\t<div class=\"eltd-rstrnt-item-inner\">\n\n\t\t\n\t\t\t<div class=\"eltd-rstrnt-title-price-holder clearfix\">\n\n\t\t\t\t\n\t\t\t\t\t<h5 class=\"eltd-rstrnt-title\">\n\t\t\t\t\t\t<span class=\"eltd-rstrnt-title-area\" >\n\t\t\t\t\t\t\tTurbot a la beurre blanc i caviar\t\t\t\t\t\t\t\t\t\t\t\t\t<\/span>\n\t\t\t\t\t<\/h5>\n\t\t\t\t\n\t\t\t\t\t<div class=\"eltd-rstrnt-price-holder\">\n\t\t\t\t\t\t<h5 class=\"eltd-rstrnt-price\">\n\t\t\t\t\t\t\t<span class=\"eltd-rstrnt-currency\">36.00<\/span>\n\t\t\t\t\t\t\t<span class=\"eltd-rstrnt-number\">\u20ac<\/span>\n\t\t\t\t\t\t<\/h5>\n\t\t\t\t\t<\/div>\n\n\t\t\t\t\n\t\t\t<\/div>\n\n\t\t\n\t\t\t<\/div>\n<\/div><div class=\"eltd-rstrnt-item\">\n\n\t\n\t<div class=\"eltd-rstrnt-item-inner\">\n\n\t\t\n\t\t\t<div class=\"eltd-rstrnt-title-price-holder clearfix\">\n\n\t\t\t\t\n\t\t\t\t\t<h5 class=\"eltd-rstrnt-title\">\n\t\t\t\t\t\t<span class=\"eltd-rstrnt-title-area\" >\n\t\t\t\t\t\t\tEspardenyes a la carbonara\t\t\t\t\t\t\t\t\t\t\t\t\t<\/span>\n\t\t\t\t\t<\/h5>\n\t\t\t\t\n\t\t\t\t\t<div class=\"eltd-rstrnt-price-holder\">\n\t\t\t\t\t\t<h5 class=\"eltd-rstrnt-price\">\n\t\t\t\t\t\t\t<span class=\"eltd-rstrnt-currency\">55.00<\/span>\n\t\t\t\t\t\t\t<span class=\"eltd-rstrnt-number\">\u20ac<\/span>\n\t\t\t\t\t\t<\/h5>\n\t\t\t\t\t<\/div>\n\n\t\t\t\t\n\t\t\t<\/div>\n\n\t\t\n\t\t\t<\/div>\n<\/div><\/div><\/div>[\/vc_column][\/vc_row][vc_row content_width=&#8221;grid&#8221; content_aligment=&#8221;center&#8221; css=&#8221;.vc_custom_1589973758586{padding-top: 1px !important;padding-bottom: 60px !important;}&#8221;][vc_column offset=&#8221;vc_col-lg-offset-3 vc_col-lg-6 vc_col-md-offset-1 vc_col-md-10&#8243;]<div class=\"eltd-section-title-outer-holder\" style=\"text-align: center\">\n\n\t\n\t\t\t<div class=\"eltd-section-title-title-holder\">\n\t\t\t\t<h2 class=\"eltd-section-title\" style=\";;;;;text-transform: None;letter-spacing: 0.5px;\">\n\t\t\t\tCarns\t\t\t\t<\/h2>\n\t\t<\/div>\n\t\n<\/div>[\/vc_column][\/vc_row][vc_row content_width=&#8221;grid&#8221; css=&#8221;.vc_custom_1475488417808{padding-bottom: 60px !important;}&#8221;][vc_column offset=&#8221;vc_col-lg-6 vc_col-md-6&#8243;]<div class=\"eltd-restaurant-menu\" ><div class=\"eltd-restaurant-menu-holder\"><div class=\"eltd-rstrnt-item\">\n\n\t\n\t<div class=\"eltd-rstrnt-item-inner\">\n\n\t\t\n\t\t\t<div class=\"eltd-rstrnt-title-price-holder clearfix\">\n\n\t\t\t\t\n\t\t\t\t\t<h5 class=\"eltd-rstrnt-title\">\n\t\t\t\t\t\t<span class=\"eltd-rstrnt-title-area\" >\n\t\t\t\t\t\t\tColom\u00ed en dues coccions i cacao\t\t\t\t\t\t\t\t\t\t\t\t\t<\/span>\n\t\t\t\t\t<\/h5>\n\t\t\t\t\n\t\t\t\t\t<div class=\"eltd-rstrnt-price-holder\">\n\t\t\t\t\t\t<h5 class=\"eltd-rstrnt-price\">\n\t\t\t\t\t\t\t<span class=\"eltd-rstrnt-currency\">48.00<\/span>\n\t\t\t\t\t\t\t<span class=\"eltd-rstrnt-number\">\u20ac<\/span>\n\t\t\t\t\t\t<\/h5>\n\t\t\t\t\t<\/div>\n\n\t\t\t\t\n\t\t\t<\/div>\n\n\t\t\n\t\t\t<\/div>\n<\/div><div class=\"eltd-rstrnt-item\">\n\n\t\n\t<div class=\"eltd-rstrnt-item-inner\">\n\n\t\t\n\t\t\t<div class=\"eltd-rstrnt-title-price-holder clearfix\">\n\n\t\t\t\t\n\t\t\t\t\t<h5 class=\"eltd-rstrnt-title\">\n\t\t\t\t\t\t<span class=\"eltd-rstrnt-title-area\" >\n\t\t\t\t\t\t\tGarr\u00ed ib\u00e8ric amb salsa cantonesa\t\t\t\t\t\t\t\t\t\t\t\t\t<\/span>\n\t\t\t\t\t<\/h5>\n\t\t\t\t\n\t\t\t\t\t<div class=\"eltd-rstrnt-price-holder\">\n\t\t\t\t\t\t<h5 class=\"eltd-rstrnt-price\">\n\t\t\t\t\t\t\t<span class=\"eltd-rstrnt-currency\">48.00<\/span>\n\t\t\t\t\t\t\t<span class=\"eltd-rstrnt-number\">\u20ac<\/span>\n\t\t\t\t\t\t<\/h5>\n\t\t\t\t\t<\/div>\n\n\t\t\t\t\n\t\t\t<\/div>\n\n\t\t\n\t\t\t<\/div>\n<\/div><\/div><\/div>[vc_empty_space height=&#8221;30px&#8221;][\/vc_column][vc_column offset=&#8221;vc_col-lg-6 vc_col-md-6&#8243;]<div class=\"eltd-restaurant-menu\" ><div class=\"eltd-restaurant-menu-holder\"><div class=\"eltd-rstrnt-item\">\n\n\t\n\t<div class=\"eltd-rstrnt-item-inner\">\n\n\t\t\n\t\t\t<div class=\"eltd-rstrnt-title-price-holder clearfix\">\n\n\t\t\t\t\n\t\t\t\t\t<h5 class=\"eltd-rstrnt-title\">\n\t\t\t\t\t\t<span class=\"eltd-rstrnt-title-area\" >\n\t\t\t\t\t\t\tLlom alt de Wagyu Miyazaki A5\t\t\t\t\t\t\t\t\t\t\t\t\t<\/span>\n\t\t\t\t\t<\/h5>\n\t\t\t\t\n\t\t\t\t\t<div class=\"eltd-rstrnt-price-holder\">\n\t\t\t\t\t\t<h5 class=\"eltd-rstrnt-price\">\n\t\t\t\t\t\t\t<span class=\"eltd-rstrnt-currency\">100g\/70<\/span>\n\t\t\t\t\t\t\t<span class=\"eltd-rstrnt-number\">\u20ac<\/span>\n\t\t\t\t\t\t<\/h5>\n\t\t\t\t\t<\/div>\n\n\t\t\t\t\n\t\t\t<\/div>\n\n\t\t\n\t\t\t<\/div>\n<\/div><\/div><\/div>[\/vc_column][\/vc_row][vc_row content_width=&#8221;grid&#8221; content_aligment=&#8221;center&#8221; css=&#8221;.vc_custom_1589973790591{padding-top: 1px !important;padding-bottom: 60px !important;}&#8221;][vc_column offset=&#8221;vc_col-lg-offset-3 vc_col-lg-6 vc_col-md-offset-1 vc_col-md-10&#8243;]<div class=\"eltd-section-title-outer-holder\" style=\"text-align: center\">\n\n\t\n\t\t\t<div class=\"eltd-section-title-title-holder\">\n\t\t\t\t<h2 class=\"eltd-section-title\" style=\";;;;;text-transform: None;letter-spacing: 0.5px;\">\n\t\t\t\tPensant en Dol\u00e7\t\t\t\t<\/h2>\n\t\t<\/div>\n\t\n<\/div>[\/vc_column][\/vc_row][vc_row content_width=&#8221;grid&#8221; css=&#8221;.vc_custom_1475488417808{padding-bottom: 60px !important;}&#8221;][vc_column offset=&#8221;vc_col-lg-6 vc_col-md-6&#8243;]<div class=\"eltd-restaurant-menu\" ><div class=\"eltd-restaurant-menu-holder\"><div class=\"eltd-rstrnt-item\">\n\n\t\n\t<div class=\"eltd-rstrnt-item-inner\">\n\n\t\t\n\t\t\t<div class=\"eltd-rstrnt-title-price-holder clearfix\">\n\n\t\t\t\t\n\t\t\t\t\t<h5 class=\"eltd-rstrnt-title\">\n\t\t\t\t\t\t<span class=\"eltd-rstrnt-title-area\" >\n\t\t\t\t\t\t\tMilfulles de tarta Bordaloue\t\t\t\t\t\t\t\t\t\t\t\t\t<\/span>\n\t\t\t\t\t<\/h5>\n\t\t\t\t\n\t\t\t\t\t<div class=\"eltd-rstrnt-price-holder\">\n\t\t\t\t\t\t<h5 class=\"eltd-rstrnt-price\">\n\t\t\t\t\t\t\t<span class=\"eltd-rstrnt-currency\">8.00<\/span>\n\t\t\t\t\t\t\t<span class=\"eltd-rstrnt-number\">\u20ac<\/span>\n\t\t\t\t\t\t<\/h5>\n\t\t\t\t\t<\/div>\n\n\t\t\t\t\n\t\t\t<\/div>\n\n\t\t\n\t\t\t<\/div>\n<\/div><div class=\"eltd-rstrnt-item\">\n\n\t\n\t<div class=\"eltd-rstrnt-item-inner\">\n\n\t\t\n\t\t\t<div class=\"eltd-rstrnt-title-price-holder clearfix\">\n\n\t\t\t\t\n\t\t\t\t\t<h5 class=\"eltd-rstrnt-title\">\n\t\t\t\t\t\t<span class=\"eltd-rstrnt-title-area\" >\n\t\t\t\t\t\t\tTall gelat d&#039;arr\u00f2s, alga nori i caviar\t\t\t\t\t\t\t\t\t\t\t\t\t<\/span>\n\t\t\t\t\t<\/h5>\n\t\t\t\t\n\t\t\t\t\t<div class=\"eltd-rstrnt-price-holder\">\n\t\t\t\t\t\t<h5 class=\"eltd-rstrnt-price\">\n\t\t\t\t\t\t\t<span class=\"eltd-rstrnt-currency\">12.00<\/span>\n\t\t\t\t\t\t\t<span class=\"eltd-rstrnt-number\">\u20ac<\/span>\n\t\t\t\t\t\t<\/h5>\n\t\t\t\t\t<\/div>\n\n\t\t\t\t\n\t\t\t<\/div>\n\n\t\t\n\t\t\t<\/div>\n<\/div><div class=\"eltd-rstrnt-item\">\n\n\t\n\t<div class=\"eltd-rstrnt-item-inner\">\n\n\t\t\n\t\t\t<div class=\"eltd-rstrnt-title-price-holder clearfix\">\n\n\t\t\t\t\n\t\t\t\t\t<h5 class=\"eltd-rstrnt-title\">\n\t\t\t\t\t\t<span class=\"eltd-rstrnt-title-area\" >\n\t\t\t\t\t\t\tCastanyes, mandarina i avellana\t\t\t\t\t\t\t\t\t\t\t\t\t<\/span>\n\t\t\t\t\t<\/h5>\n\t\t\t\t\n\t\t\t\t\t<div class=\"eltd-rstrnt-price-holder\">\n\t\t\t\t\t\t<h5 class=\"eltd-rstrnt-price\">\n\t\t\t\t\t\t\t<span class=\"eltd-rstrnt-currency\">12.00<\/span>\n\t\t\t\t\t\t\t<span class=\"eltd-rstrnt-number\">\u20ac<\/span>\n\t\t\t\t\t\t<\/h5>\n\t\t\t\t\t<\/div>\n\n\t\t\t\t\n\t\t\t<\/div>\n\n\t\t\n\t\t\t<\/div>\n<\/div><\/div><\/div>[vc_empty_space height=&#8221;30px&#8221;][\/vc_column][vc_column offset=&#8221;vc_col-lg-6 vc_col-md-6&#8243;]<div class=\"eltd-restaurant-menu\" ><div class=\"eltd-restaurant-menu-holder\"><div class=\"eltd-rstrnt-item\">\n\n\t\n\t<div class=\"eltd-rstrnt-item-inner\">\n\n\t\t\n\t\t\t<div class=\"eltd-rstrnt-title-price-holder clearfix\">\n\n\t\t\t\t\n\t\t\t\t\t<h5 class=\"eltd-rstrnt-title\">\n\t\t\t\t\t\t<span class=\"eltd-rstrnt-title-area\" >\n\t\t\t\t\t\t\tCireres, roses, hibiscus i te Kokoro\t\t\t\t\t\t\t\t\t\t\t\t\t<\/span>\n\t\t\t\t\t<\/h5>\n\t\t\t\t\n\t\t\t\t\t<div class=\"eltd-rstrnt-price-holder\">\n\t\t\t\t\t\t<h5 class=\"eltd-rstrnt-price\">\n\t\t\t\t\t\t\t<span class=\"eltd-rstrnt-currency\">12.00<\/span>\n\t\t\t\t\t\t\t<span class=\"eltd-rstrnt-number\">\u20ac<\/span>\n\t\t\t\t\t\t<\/h5>\n\t\t\t\t\t<\/div>\n\n\t\t\t\t\n\t\t\t<\/div>\n\n\t\t\n\t\t\t<\/div>\n<\/div><div class=\"eltd-rstrnt-item\">\n\n\t\n\t<div class=\"eltd-rstrnt-item-inner\">\n\n\t\t\n\t\t\t<div class=\"eltd-rstrnt-title-price-holder clearfix\">\n\n\t\t\t\t\n\t\t\t\t\t<h5 class=\"eltd-rstrnt-title\">\n\t\t\t\t\t\t<span class=\"eltd-rstrnt-title-area\" >\n\t\t\t\t\t\t\tTartaleta, xocolata i soja\t\t\t\t\t\t\t\t\t\t\t\t\t<\/span>\n\t\t\t\t\t<\/h5>\n\t\t\t\t\n\t\t\t\t\t<div class=\"eltd-rstrnt-price-holder\">\n\t\t\t\t\t\t<h5 class=\"eltd-rstrnt-price\">\n\t\t\t\t\t\t\t<span class=\"eltd-rstrnt-currency\">16.00<\/span>\n\t\t\t\t\t\t\t<span class=\"eltd-rstrnt-number\">\u20ac<\/span>\n\t\t\t\t\t\t<\/h5>\n\t\t\t\t\t<\/div>\n\n\t\t\t\t\n\t\t\t<\/div>\n\n\t\t\n\t\t\t<\/div>\n<\/div><\/div><\/div>[\/vc_column][\/vc_row][vc_row][vc_column]<div class=\"eltd-separator-holder clearfix  eltd-separator-center\">\n\t<div class=\"eltd-separator\" style=\"border-style: solid;width: 100px;border-bottom-width: 2px;margin-top: 20px;margin-bottom: 50px\"><\/div>\n<\/div>\n[\/vc_column][\/vc_row][vc_row][vc_column][vc_column_text]<\/p>\n<p style=\"text-align: center;\"><span style=\"font-size: 12pt; font-family: georgia, palatino, serif;\">Disposem d&#8217;informaci\u00f3 sobre al\u00b7l\u00e8rgies i\/o intoler\u00e0ncies.<br \/>\nL&#8217;opci\u00f3 de carta se servir\u00e0 a taules completes.<br \/>\nDegut a la complexitat dels nostres plats, no \u00e9s possible esmentar tots els ingredients.<br \/>\nPreguem que en cas que tinguin alguna al\u00b7l\u00e8rgia, intoler\u00e0ncia, restricci\u00f3 diet\u00e8tica<br \/>\ni\/o ingredient que no sigui del seu gust, ens ho facin saber amb m\u00e9s de 24h d&#8217;antelaci\u00f3,<br \/>\naltrament \u00e9s possible que no puguem fer adaptacions.<br \/>\nCal demanar un m\u00ednim de 3 snacks i 2 plats principals per persona.<br \/>\nEls nostres preus estan subjectes a canvis.<\/span><\/p>\n<p>[\/vc_column_text][\/vc_column][\/vc_row]<\/p>\n","protected":false},"excerpt":{"rendered":"<p>[vc_row][vc_column][vc_raw_html]JTNDaDElMjBjbGFzcyUzRCUyMmVsdGQtc2VjdGlvbi10aXRsZSUyMiUzRUNhcnRhJTNDJTJGaDElM0U=[\/vc_raw_html][\/vc_column][\/vc_row][vc_row disable_element=&#8221;yes&#8221;][vc_column][\/vc_column][\/vc_row][vc_row disable_element=&#8221;yes&#8221;][vc_column][vc_column_text] ESP &#8211; ENG &#8211; CAT [\/vc_column_text][\/vc_column][\/vc_row][vc_row content_width=&#8221;grid&#8221; content_aligment=&#8221;center&#8221; css=&#8221;.vc_custom_1589975720244{padding-top: 95px !important;padding-bottom: 60px !important;}&#8221;][vc_column offset=&#8221;vc_col-lg-offset-3 vc_col-lg-6 vc_col-md-offset-1 vc_col-md-10&#8243;][\/vc_column][\/vc_row][vc_row content_width=&#8221;grid&#8221; css=&#8221;.vc_custom_1475488417808{padding-bottom: 60px !important;}&#8221;][vc_column offset=&#8221;vc_col-lg-6 vc_col-md-6&#8243;][vc_empty_space height=&#8221;30px&#8221;][\/vc_column][vc_column offset=&#8221;vc_col-lg-6 vc_col-md-6&#8243;][\/vc_column][\/vc_row][vc_row content_width=&#8221;grid&#8221; content_aligment=&#8221;center&#8221; css=&#8221;.vc_custom_1589898590567{padding-top: 1px !important;padding-bottom: 60px !important;}&#8221;][vc_column offset=&#8221;vc_col-lg-offset-3 vc_col-lg-6 vc_col-md-offset-1 vc_col-md-10&#8243;][\/vc_column][\/vc_row][vc_row content_width=&#8221;grid&#8221; css=&#8221;.vc_custom_1475488417808{padding-bottom: 60px !important;}&#8221;][vc_column offset=&#8221;vc_col-lg-6&#8230;<\/p>\n","protected":false},"author":3,"featured_media":0,"parent":0,"menu_order":0,"comment_status":"closed","ping_status":"closed","template":"","meta":{"footnotes":""},"class_list":["post-9756","page","type-page","status-publish","hentry"],"_links":{"self":[{"href":"https:\/\/sandbox.montbar.com\/ca\/wp-json\/wp\/v2\/pages\/9756","targetHints":{"allow":["GET"]}}],"collection":[{"href":"https:\/\/sandbox.montbar.com\/ca\/wp-json\/wp\/v2\/pages"}],"about":[{"href":"https:\/\/sandbox.montbar.com\/ca\/wp-json\/wp\/v2\/types\/page"}],"author":[{"embeddable":true,"href":"https:\/\/sandbox.montbar.com\/ca\/wp-json\/wp\/v2\/users\/3"}],"replies":[{"embeddable":true,"href":"https:\/\/sandbox.montbar.com\/ca\/wp-json\/wp\/v2\/comments?post=9756"}],"version-history":[{"count":602,"href":"https:\/\/sandbox.montbar.com\/ca\/wp-json\/wp\/v2\/pages\/9756\/revisions"}],"predecessor-version":[{"id":12516,"href":"https:\/\/sandbox.montbar.com\/ca\/wp-json\/wp\/v2\/pages\/9756\/revisions\/12516"}],"wp:attachment":[{"href":"https:\/\/sandbox.montbar.com\/ca\/wp-json\/wp\/v2\/media?parent=9756"}],"curies":[{"name":"wp","href":"https:\/\/api.w.org\/{rel}","templated":true}]}}