{"id":11004,"date":"2022-11-23T08:24:54","date_gmt":"2022-11-23T08:24:54","guid":{"rendered":"https:\/\/www.montbar.com\/?page_id=11004"},"modified":"2025-12-27T20:14:55","modified_gmt":"2025-12-27T20:14:55","slug":"book-table","status":"publish","type":"page","link":"https:\/\/sandbox.montbar.com\/ca\/book-table\/","title":{"rendered":"Reserva una taula"},"content":{"rendered":"<p>[vc_row content_width=&#8221;grid&#8221; content_aligment=&#8221;center&#8221;][vc_column][vc_raw_html]JTNDaDElMjBjbGFzcyUzRCUyMmVsdGQtc2VjdGlvbi10aXRsZSUyMiUzRVJFU0VSVkElMjBVTkElMjBUQVVMQSUzQyUyRmgxJTNF[\/vc_raw_html][\/vc_column][\/vc_row][vc_row disable_element=&#8221;yes&#8221; content_width=&#8221;grid&#8221; content_aligment=&#8221;center&#8221;][vc_column]<div class=\"eltd-section-title-outer-holder\" style=\"text-align: center\">\n\n\t\n\t\t\t<div class=\"eltd-section-title-title-holder\">\n\t\t\t\t<h2 class=\"eltd-section-title\" style=\";;;;;;;\">\n\t\t\t\tRESERVA UNA TAULA\t\t\t\t<\/h2>\n\t\t<\/div>\n\t\n<\/div>[\/vc_column][\/vc_row][vc_row content_width=&#8221;grid&#8221;][vc_column][vc_column_text]<br \/>\n<iframe loading=\"lazy\" title=\"Reservas\" src=\"https:\/\/www.covermanager.com\/reservation\/module_restaurant\/restaurante-montbar\/catalan\" width=\"100%\" height=\"550\" frameborder=\"0\"><\/iframe><br \/>\n<script type=\"text\/javascript\" src=\"https:\/\/www.covermanager.com\/js\/iframeResizer.min.js\"><\/script><br \/>\n<script type=\"text\/javascript\">\n                                            iFrameResize();\n                                        <\/script><\/p>\n<p>[\/vc_column_text][\/vc_column][\/vc_row][vc_row content_width=&#8221;grid&#8221; content_aligment=&#8221;center&#8221;][vc_column][vc_empty_space][vc_raw_html]JTNDaDMlMjBjbGFzcyUzRCUyMmVsdGQtc2VjdGlvbi10aXRsZSUyMiUzRVRlcm1lcyUyMGklMjBDb25kaWNpb25zJTNDJTJGaDMlM0U=[\/vc_raw_html][vc_column_text]Un cop confirmada la reserva, reviseu atentament tots els detalls. La taula est\u00e0 reservada per a l&#8217;horari indicat a la confirmaci\u00f3. Tingueu en compte que nom\u00e9s podem reservar la vostra taula 15 minuts despr\u00e9s de l&#8217;hora programada.[\/vc_column_text][vc_empty_space][vc_raw_html]JTNDaDQlMjBjbGFzcyUzRCUyMmVsdGQtc2VjdGlvbi10aXRsZSUyMiUzRU1vbnQlMjBCYXIlMjdzJTIwUG9saWN5JTNDJTJGaDQlM0U=[\/vc_raw_html][\/vc_column][\/vc_row][vc_row][vc_column el_id=&#8221;mb-policy&#8221;][vc_column_text]<\/p>\n<ul>\n<li style=\"text-align: left;\">Reserves de 1 a 4 comensals: podeu triar entre la carta, el nostre Men\u00fa Degustaci\u00f3 Cl\u00e0ssic (160\u20ac\/pp) o el nostre Men\u00fa Degustaci\u00f3 Mont (190\u20ac\/pp).<\/li>\n<li>Reserves de 5 comensals o m\u00e9s: se serveix el nostre Men\u00fa Degustaci\u00f3 Mont (190 \u20ac\/pp).<\/li>\n<li>Amb m\u00e9s de 72 hores d&#8217;antelaci\u00f3: Sense c\u00e0rrec. Amb menys de 72 hores d&#8217;antelaci\u00f3: 160\u20ac o 190\u20ac per persona de c\u00e0rrec per cancel\u00b7laci\u00f3.<\/li>\n<li>Per a reserves prepagades: No es faran reemborsaments. Si es cancel\u00b7la amb m\u00e9s de 72 hores d&#8217;antelaci\u00f3, el prepagament es podr\u00e0 aplicar a una reserva futura en un termini de 6 mesos.<\/li>\n<li>Els canvis realitzats dins de les 72 hores posteriors a la reserva, incloent-hi ajustaments al nombre de comensals, tindran un c\u00e0rrec de 160\u20ac o 190\u20ac per cada comensal cancel\u00b7lat.<\/li>\n<li style=\"text-align: left;\">Nota: Les despeses d&#8217;administraci\u00f3 no s\u00f3n reemborsables.<\/li>\n<\/ul>\n<p>[\/vc_column_text][\/vc_column][\/vc_row]<\/p>\n","protected":false},"excerpt":{"rendered":"<p>[vc_row content_width=&#8221;grid&#8221; content_aligment=&#8221;center&#8221;][vc_column][vc_raw_html]JTNDaDElMjBjbGFzcyUzRCUyMmVsdGQtc2VjdGlvbi10aXRsZSUyMiUzRVJFU0VSVkElMjBVTkElMjBUQVVMQSUzQyUyRmgxJTNF[\/vc_raw_html][\/vc_column][\/vc_row][vc_row disable_element=&#8221;yes&#8221; content_width=&#8221;grid&#8221; content_aligment=&#8221;center&#8221;][vc_column][\/vc_column][\/vc_row][vc_row content_width=&#8221;grid&#8221;][vc_column][vc_column_text] [\/vc_column_text][\/vc_column][\/vc_row][vc_row content_width=&#8221;grid&#8221; content_aligment=&#8221;center&#8221;][vc_column][vc_empty_space][vc_raw_html]JTNDaDMlMjBjbGFzcyUzRCUyMmVsdGQtc2VjdGlvbi10aXRsZSUyMiUzRVRlcm1lcyUyMGklMjBDb25kaWNpb25zJTNDJTJGaDMlM0U=[\/vc_raw_html][vc_column_text]Un cop confirmada la reserva, reviseu atentament tots els detalls. La taula est\u00e0 reservada per a l&#8217;horari indicat a la confirmaci\u00f3. Tingueu en compte que nom\u00e9s podem reservar la vostra taula 15 minuts despr\u00e9s de l&#8217;hora&#8230;<\/p>\n","protected":false},"author":2,"featured_media":0,"parent":0,"menu_order":0,"comment_status":"closed","ping_status":"closed","template":"","meta":{"footnotes":""},"class_list":["post-11004","page","type-page","status-publish","hentry"],"_links":{"self":[{"href":"https:\/\/sandbox.montbar.com\/ca\/wp-json\/wp\/v2\/pages\/11004","targetHints":{"allow":["GET"]}}],"collection":[{"href":"https:\/\/sandbox.montbar.com\/ca\/wp-json\/wp\/v2\/pages"}],"about":[{"href":"https:\/\/sandbox.montbar.com\/ca\/wp-json\/wp\/v2\/types\/page"}],"author":[{"embeddable":true,"href":"https:\/\/sandbox.montbar.com\/ca\/wp-json\/wp\/v2\/users\/2"}],"replies":[{"embeddable":true,"href":"https:\/\/sandbox.montbar.com\/ca\/wp-json\/wp\/v2\/comments?post=11004"}],"version-history":[{"count":21,"href":"https:\/\/sandbox.montbar.com\/ca\/wp-json\/wp\/v2\/pages\/11004\/revisions"}],"predecessor-version":[{"id":12588,"href":"https:\/\/sandbox.montbar.com\/ca\/wp-json\/wp\/v2\/pages\/11004\/revisions\/12588"}],"wp:attachment":[{"href":"https:\/\/sandbox.montbar.com\/ca\/wp-json\/wp\/v2\/media?parent=11004"}],"curies":[{"name":"wp","href":"https:\/\/api.w.org\/{rel}","templated":true}]}}