{"id":10984,"date":"2022-11-22T19:00:48","date_gmt":"2022-11-22T19:00:48","guid":{"rendered":"https:\/\/www.montbar.com\/?page_id=10984"},"modified":"2025-09-02T15:20:39","modified_gmt":"2025-09-02T15:20:39","slug":"preguntas-frecuentes","status":"publish","type":"page","link":"https:\/\/sandbox.montbar.com\/ca\/preguntas-frecuentes\/","title":{"rendered":"Preguntes Freq\u00fcents"},"content":{"rendered":"<p>[vc_row content_width=&#8221;grid&#8221; content_aligment=&#8221;center&#8221;][vc_column][vc_raw_html]JTNDaDElMjBjbGFzcyUzRCUyMmVsdGQtc2VjdGlvbi10aXRsZSUyMiUzRVBSRUdVTlRFUyUyMEZSRVElQzMlOUNFTlRTJTNDJTJGaDElM0U=[\/vc_raw_html][\/vc_column][\/vc_row][vc_row disable_element=&#8221;yes&#8221; content_width=&#8221;grid&#8221; content_aligment=&#8221;center&#8221;][vc_column]<div class=\"eltd-section-title-outer-holder\" style=\"text-align: center\">\n\n\t\n\t\t\t<div class=\"eltd-section-title-title-holder\">\n\t\t\t\t<h2 class=\"eltd-section-title\" style=\";;;;;;;\">\n\t\t\t\tPREGUNTES FREQ\u00dcENTS\t\t\t\t<\/h2>\n\t\t<\/div>\n\t\n<\/div>[\/vc_column][\/vc_row][vc_row][vc_column]<div class=\"eltd-accordion-holder clearfix eltd-accordion eltd-boxed light\">\n\t<p class=\"clearfix eltd-title-holder\">\n\t<span class=\"eltd-accordion-mark eltd-left-mark\">\n\t\t<span class=\"eltd-accordion-mark-icon\">\n\t\t\t<span class=\"icon_plus\"><\/span>\n\t\t\t<span class=\"icon_minus-06\"><\/span>\n\t\t<\/span>\n\t<\/span>\n\t<span class=\"eltd-tab-title\">\n\t\t<span class=\"eltd-tab-title-inner\">\n\t\t\tTeniu carta o men\u00fa degustaci\u00f3?\t\t<\/span>\n\t<\/span>\n<\/p>\n<div class=\"eltd-accordion-content\" >\n\t<div class=\"eltd-accordion-content-inner\">\n\t\t[vc_column_text]A Mont Bar oferim \u00c0 La Carta i el nostre Men\u00fa Degustaci\u00f3 &#8216;Cl\u00e0ssic&#8217;. Disposem d\u00b4un Men\u00fa Degustaci\u00f3 &#8216;Mont&#8217;.<\/p>\n<p>Els nostres Men\u00fas Degustaci\u00f3 us oferiran l&#8217;oportunitat de gaudir d&#8217;una aut\u00e8ntica experi\u00e8ncia gastron\u00f2mica a cada mos. Els nostres Men\u00fas Degustaci\u00f3 es componen de diversos snacks individuals i plats per compartir dissenyats al voltant dels nostres productes locals i de temporada, aix\u00ed com els nostres plats cl\u00e0ssics de Mont Bar. El Men\u00fa Degustaci\u00f3 \u2018Mont\u2019 ofereix m\u00e9s producte.<\/p>\n<p>Tamb\u00e9 podeu optar per un maridatge de vins coincident per acompanyar cada plat i potenciar els sabors.<\/p>\n<p>Per a una experi\u00e8ncia gastron\u00f2mica harmoniosa, tots els comensals han de tenir la mateixa opci\u00f3. Per exemple, tots els comensals de la mateixa reserva han de tindre el Men\u00fa Degustaci\u00f3 o \u00c0 La Carta.<\/p>\n<p>\u00c9s imprescindible que ens informes de qualsevol al\u00b7l\u00e8rgia, intoler\u00e0ncia, restricci\u00f3 diet\u00e8tica i\/o ingredients que no siguin al vostre gust.[\/vc_column_text]\t<\/div>\n<\/div><\/div><div class=\"eltd-accordion-holder clearfix eltd-toggle eltd-boxed light\">\n\t<p class=\"clearfix eltd-title-holder\">\n\t<span class=\"eltd-accordion-mark eltd-left-mark\">\n\t\t<span class=\"eltd-accordion-mark-icon\">\n\t\t\t<span class=\"icon_plus\"><\/span>\n\t\t\t<span class=\"icon_minus-06\"><\/span>\n\t\t<\/span>\n\t<\/span>\n\t<span class=\"eltd-tab-title\">\n\t\t<span class=\"eltd-tab-title-inner\">\n\t\t\tCal fer reserva pr\u00e8via?\t\t<\/span>\n\t<\/span>\n<\/p>\n<div class=\"eltd-accordion-content\" >\n\t<div class=\"eltd-accordion-content-inner\">\n\t\t[vc_column_text]Montbar t\u00e9 un espai \u00edntim, amb capacitat limitada. Per aquest motiu, recomanem reservar amb antelaci\u00f3.[\/vc_column_text]\t<\/div>\n<\/div><\/div><div class=\"eltd-accordion-holder clearfix eltd-toggle eltd-boxed light\">\n\t<p class=\"clearfix eltd-title-holder\">\n\t<span class=\"eltd-accordion-mark eltd-left-mark\">\n\t\t<span class=\"eltd-accordion-mark-icon\">\n\t\t\t<span class=\"icon_plus\"><\/span>\n\t\t\t<span class=\"icon_minus-06\"><\/span>\n\t\t<\/span>\n\t<\/span>\n\t<span class=\"eltd-tab-title\">\n\t\t<span class=\"eltd-tab-title-inner\">\n\t\t\tTeniu dress code?\t\t<\/span>\n\t<\/span>\n<\/p>\n<div class=\"eltd-accordion-content\" >\n\t<div class=\"eltd-accordion-content-inner\">\n\t\t[vc_column_text]El nostre dess code \u00e9s semiformal \/ business informal \/ c\u00f3ctel. No recomanem roba molt casual com roba de platja o roba d&#8217;esport.[\/vc_column_text]\t<\/div>\n<\/div><\/div><div class=\"eltd-accordion-holder clearfix eltd-toggle eltd-boxed light\">\n\t<p class=\"clearfix eltd-title-holder\">\n\t<span class=\"eltd-accordion-mark eltd-left-mark\">\n\t\t<span class=\"eltd-accordion-mark-icon\">\n\t\t\t<span class=\"icon_plus\"><\/span>\n\t\t\t<span class=\"icon_minus-06\"><\/span>\n\t\t<\/span>\n\t<\/span>\n\t<span class=\"eltd-tab-title\">\n\t\t<span class=\"eltd-tab-title-inner\">\n\t\t\tEs pot venir amb infants?\t\t<\/span>\n\t<\/span>\n<\/p>\n<div class=\"eltd-accordion-content\" >\n\t<div class=\"eltd-accordion-content-inner\">\n\t\t[vc_column_text]Si els agrada el menjar gastron\u00f2mic, \u00e9s clar que s\u00ed, per\u00f2 recordeu que \u00e9s un espai \u00edntim pel que demanem respecte durant l&#8217;estada de totes les nostres visites.[\/vc_column_text]\t<\/div>\n<\/div><\/div><div class=\"eltd-accordion-holder clearfix eltd-toggle eltd-boxed light\">\n\t<p class=\"clearfix eltd-title-holder\">\n\t<span class=\"eltd-accordion-mark eltd-left-mark\">\n\t\t<span class=\"eltd-accordion-mark-icon\">\n\t\t\t<span class=\"icon_plus\"><\/span>\n\t\t\t<span class=\"icon_minus-06\"><\/span>\n\t\t<\/span>\n\t<\/span>\n\t<span class=\"eltd-tab-title\">\n\t\t<span class=\"eltd-tab-title-inner\">\n\t\t\tS&#039;hi pot venir amb gossos?\t\t<\/span>\n\t<\/span>\n<\/p>\n<div class=\"eltd-accordion-content\" >\n\t<div class=\"eltd-accordion-content-inner\">\n\t\t[vc_column_text]A la nostra terrassa si acceptem amics peluts![\/vc_column_text]\t<\/div>\n<\/div><\/div><div class=\"eltd-accordion-holder clearfix eltd-toggle eltd-boxed light\">\n\t<p class=\"clearfix eltd-title-holder\">\n\t<span class=\"eltd-accordion-mark eltd-left-mark\">\n\t\t<span class=\"eltd-accordion-mark-icon\">\n\t\t\t<span class=\"icon_plus\"><\/span>\n\t\t\t<span class=\"icon_minus-06\"><\/span>\n\t\t<\/span>\n\t<\/span>\n\t<span class=\"eltd-tab-title\">\n\t\t<span class=\"eltd-tab-title-inner\">\n\t\t\tOn us trobeu?\t\t<\/span>\n\t<\/span>\n<\/p>\n<div class=\"eltd-accordion-content\" >\n\t<div class=\"eltd-accordion-content-inner\">\n\t\t[vc_column_text]Som al c\u00e8ntric barri de l&#8217;Eixample, entre el Carrer Aribau i el Carrer Diputaci\u00f3, a prop de Pla\u00e7a Universitat.[\/vc_column_text]\t<\/div>\n<\/div><\/div><div class=\"eltd-accordion-holder clearfix eltd-toggle eltd-boxed light\">\n\t<p class=\"clearfix eltd-title-holder\">\n\t<span class=\"eltd-accordion-mark eltd-left-mark\">\n\t\t<span class=\"eltd-accordion-mark-icon\">\n\t\t\t<span class=\"icon_plus\"><\/span>\n\t\t\t<span class=\"icon_minus-06\"><\/span>\n\t\t<\/span>\n\t<\/span>\n\t<span class=\"eltd-tab-title\">\n\t\t<span class=\"eltd-tab-title-inner\">\n\t\t\tHi ha opcions per a vegans, vegetarians, embarassades i\/o persones amb intoler\u00e0ncia al gluten o lactosa?\t\t<\/span>\n\t<\/span>\n<\/p>\n<div class=\"eltd-accordion-content\" >\n\t<div class=\"eltd-accordion-content-inner\">\n\t\t[vc_column_text]Oferim una varietat d\u2019opcions i adaptacions a la nostra <strong>carta<\/strong> per a vegans, vegetarians i persones amb sensibilitats al gluten o la lactosa.<\/p>\n<p>El nostre Men\u00fa Degustaci\u00f3 <strong>no<\/strong> es pot modificar per a aquells que no consumeixen marisc, crustacis, peix\u00a0o carn, degut al seu disseny espec\u00edfic.<\/p>\n<p>El Men\u00fa Degustaci\u00f3 \u00e9s totalment adaptable per a persones que necessiten opcions sense gluten, sense lactosa o per a persones embarassades.<\/p>\n<p>Per a qualsevol altra sol\u00b7licitud diet\u00e8tica, si us plau, contacteu-nos amb antelaci\u00f3 per tal que puguem ajustar les nostres opcions a les vostres necessitats de manera adequada.[\/vc_column_text]\t<\/div>\n<\/div><\/div><div class=\"eltd-accordion-holder clearfix eltd-toggle eltd-boxed light\">\n\t<p class=\"clearfix eltd-title-holder\">\n\t<span class=\"eltd-accordion-mark eltd-left-mark\">\n\t\t<span class=\"eltd-accordion-mark-icon\">\n\t\t\t<span class=\"icon_plus\"><\/span>\n\t\t\t<span class=\"icon_minus-06\"><\/span>\n\t\t<\/span>\n\t<\/span>\n\t<span class=\"eltd-tab-title\">\n\t\t<span class=\"eltd-tab-title-inner\">\n\t\t\tPodeu adaptar-vos a al\u00b7l\u00e8rgies, intoler\u00e0ncies, restriccions i\/o aversions diet\u00e8tiques?\t\t<\/span>\n\t<\/span>\n<\/p>\n<div class=\"eltd-accordion-content\" >\n\t<div class=\"eltd-accordion-content-inner\">\n\t\t[vc_column_text]Si teniu alguna al\u00b7l\u00e8rgia, intoler\u00e0ncia, restricci\u00f3 diet\u00e8tica i\/o ingredient que no preferiu, el millor \u00e9s que ens ho comuniqueu en el moment de fer la reserva.<\/p>\n<p>Si formeu part d&#8217;una reserva de m\u00e9s de 4 persones, consulteu els acompanyants que han fet la reserva, o b\u00e9 aviseu-nos directament amb m\u00e9s de 72 hores d&#8217;antelaci\u00f3.[\/vc_column_text]\t<\/div>\n<\/div><\/div><div class=\"eltd-accordion-holder clearfix eltd-toggle eltd-boxed light\">\n\t<p class=\"clearfix eltd-title-holder\">\n\t<span class=\"eltd-accordion-mark eltd-left-mark\">\n\t\t<span class=\"eltd-accordion-mark-icon\">\n\t\t\t<span class=\"icon_plus\"><\/span>\n\t\t\t<span class=\"icon_minus-06\"><\/span>\n\t\t<\/span>\n\t<\/span>\n\t<span class=\"eltd-tab-title\">\n\t\t<span class=\"eltd-tab-title-inner\">\n\t\t\tQuant de temps es necessita per al dinar o el sopar?\t\t<\/span>\n\t<\/span>\n<\/p>\n<div class=\"eltd-accordion-content\" >\n\t<div class=\"eltd-accordion-content-inner\">\n\t\t[vc_column_text]Disposar\u00e0 de la seva taula durant <strong>2 hores<\/strong> (2,5 hores per a menu degustaci\u00f3).<\/p>\n<p>Si us plau, recordeu que la <strong>puntualitat<\/strong> \u00e9s de vital import\u00e0ncia per al bon funcionament del servei. En cas que arribin en retard, si us plau truquin o escriu un email al restaurant. Farem tot el possible per adaptar-nos a les arribades tardanes, per\u00f2 no hi ha garantia que puguem fer-ho. Passats 15 minuts de l&#8217;hora de la reserva, aquesta quedar\u00e0 anul\u00b7lada autom\u00e0ticament.[\/vc_column_text]\t<\/div>\n<\/div><\/div><div class=\"eltd-accordion-holder clearfix eltd-toggle eltd-boxed light\">\n\t<p class=\"clearfix eltd-title-holder\">\n\t<span class=\"eltd-accordion-mark eltd-left-mark\">\n\t\t<span class=\"eltd-accordion-mark-icon\">\n\t\t\t<span class=\"icon_plus\"><\/span>\n\t\t\t<span class=\"icon_minus-06\"><\/span>\n\t\t<\/span>\n\t<\/span>\n\t<span class=\"eltd-tab-title\">\n\t\t<span class=\"eltd-tab-title-inner\">\n\t\t\tTeniu aparcament?\t\t<\/span>\n\t<\/span>\n<\/p>\n<div class=\"eltd-accordion-content\" >\n\t<div class=\"eltd-accordion-content-inner\">\n\t\t[vc_column_text]Disposeu d&#8217;un aparcament al carrer d&#8217;Aribau. S&#8217;hi accedeix venint de Gran Via, just despr\u00e9s de cinemes Aribau Multicines i abans d&#8217;arribar al restaurant Mediamanga.[\/vc_column_text]\t<\/div>\n<\/div><\/div><div class=\"eltd-accordion-holder clearfix eltd-toggle eltd-boxed light\">\n\t<p class=\"clearfix eltd-title-holder\">\n\t<span class=\"eltd-accordion-mark eltd-left-mark\">\n\t\t<span class=\"eltd-accordion-mark-icon\">\n\t\t\t<span class=\"icon_plus\"><\/span>\n\t\t\t<span class=\"icon_minus-06\"><\/span>\n\t\t<\/span>\n\t<\/span>\n\t<span class=\"eltd-tab-title\">\n\t\t<span class=\"eltd-tab-title-inner\">\n\t\t\tPodeu acomodar grups?\t\t<\/span>\n\t<\/span>\n<\/p>\n<div class=\"eltd-accordion-content\" >\n\t<div class=\"eltd-accordion-content-inner\">\n\t\t[vc_column_text]S\u00ed, hi acomodem grups!<\/p>\n<p>Podem acomodar fins a un m\u00e0xim de <strong>10 persones a la mateixa taula<\/strong>.<\/p>\n<p>Reserves de <u><strong>5 a 10<\/strong><\/u> <strong>persones<\/strong> \u00e9s el <strong>Men\u00fa Degustaci\u00f3 \u201cMont\u201d<\/strong>.<\/p>\n<p>Grups de <u><strong>m\u00e9s de 10 personas:<\/strong><\/u><strong>\u00a0Privatitzaci\u00f3 de Mont Bar.<\/strong><br \/>\nOferim l&#8217;opci\u00f3 de reservar l&#8217;espai complet de restaurant per a <strong><a href=\"https:\/\/www.montbar.com\/ca\/eventos\/\" target=\"_blank\" rel=\"noopener\">esdeveniments privats<\/a><\/strong>, en format c\u00f2ctel al\u00e7at. Per a aquests esdeveniments, servim el nostre Men\u00fa Degustaci\u00f3 en un format individualitzada per garantir una experi\u00e8ncia gastron\u00f2mica agradable mentre se socialitza.<\/p>\n<p>Cal reservar amb antelaci\u00f3.[\/vc_column_text]\t<\/div>\n<\/div><\/div><div class=\"eltd-accordion-holder clearfix eltd-toggle eltd-boxed light\">\n\t<p class=\"clearfix eltd-title-holder\">\n\t<span class=\"eltd-accordion-mark eltd-left-mark\">\n\t\t<span class=\"eltd-accordion-mark-icon\">\n\t\t\t<span class=\"icon_plus\"><\/span>\n\t\t\t<span class=\"icon_minus-06\"><\/span>\n\t\t<\/span>\n\t<\/span>\n\t<span class=\"eltd-tab-title\">\n\t\t<span class=\"eltd-tab-title-inner\">\n\t\t\tQuin \u00e9s el procediment de reserves i la pol\u00edtica de cancel\u00b7laci\u00f3?\t\t<\/span>\n\t<\/span>\n<\/p>\n<div class=\"eltd-accordion-content\" >\n\t<div class=\"eltd-accordion-content-inner\">\n\t\t[vc_column_text]<\/p>\n<p data-start=\"341\" data-end=\"483\">Totes les reserves requereixen una <strong data-start=\"376\" data-end=\"416\">targeta de cr\u00e8dit i\/o pagament previ<\/strong>, i estan subjectes a una <strong data-start=\"442\" data-end=\"482\">pol\u00edtica de cancel\u00b7laci\u00f3 de 72 hores<\/strong>.<\/p>\n<hr data-start=\"485\" data-end=\"488\" \/>\n<h3 data-start=\"490\" data-end=\"524\">\ud83d\udd39 Reserves d\u20191 a 4 persones:<\/h3>\n<ul data-start=\"526\" data-end=\"901\">\n<li data-start=\"526\" data-end=\"657\">\n<p data-start=\"528\" data-end=\"550\">Es pot escollir entre:<\/p>\n<ul data-start=\"553\" data-end=\"657\">\n<li data-start=\"553\" data-end=\"564\">\n<p data-start=\"555\" data-end=\"564\"><strong data-start=\"555\" data-end=\"564\">Carta<\/strong><\/p>\n<\/li>\n<li data-start=\"567\" data-end=\"612\">\n<p data-start=\"569\" data-end=\"612\"><strong data-start=\"569\" data-end=\"612\">Men\u00fa Degustaci\u00f3 Cl\u00e0ssic (160\u202f\u20ac\/persona)<\/strong><\/p>\n<\/li>\n<li data-start=\"615\" data-end=\"657\">\n<p data-start=\"617\" data-end=\"657\"><strong data-start=\"617\" data-end=\"657\">Men\u00fa Degustaci\u00f3 Mont (190\u202f\u20ac\/persona)<\/strong><\/p>\n<\/li>\n<\/ul>\n<\/li>\n<li data-start=\"659\" data-end=\"901\">\n<p data-start=\"661\" data-end=\"800\">Per garantir una experi\u00e8ncia gastron\u00f2mica harmoniosa, <strong data-start=\"715\" data-end=\"797\">tots els comensals de la mateixa taula han d\u2019escollir la mateixa opci\u00f3 de men\u00fa<\/strong>.<\/p>\n<ul data-start=\"803\" data-end=\"901\">\n<li data-start=\"803\" data-end=\"901\">\n<p data-start=\"805\" data-end=\"901\">En el cas de triar Carta, cal demanar com a m\u00ednim <strong data-start=\"855\" data-end=\"900\">3 snacks i 2 plats principals per persona<\/strong>.<\/p>\n<\/li>\n<\/ul>\n<\/li>\n<\/ul>\n<p data-start=\"903\" data-end=\"930\"><strong data-start=\"903\" data-end=\"930\">Cancel\u00b7laci\u00f3 i c\u00e0rrecs:<\/strong><\/p>\n<ul data-start=\"931\" data-end=\"1295\">\n<li data-start=\"931\" data-end=\"1096\">\n<p data-start=\"933\" data-end=\"1096\">Les modificacions (nombre de comensals, data, hora, al\u00b7l\u00e8rgies o intoler\u00e0ncies) o cancel\u00b7lacions realitzades <strong data-start=\"1042\" data-end=\"1077\">amb m\u00e9s de 72 hores d\u2019antelaci\u00f3<\/strong> no tenen cap cost.<\/p>\n<\/li>\n<li data-start=\"1097\" data-end=\"1295\">\n<p data-start=\"1099\" data-end=\"1295\">Si la cancel\u00b7laci\u00f3 o modificaci\u00f3 es fa <strong data-start=\"1138\" data-end=\"1170\">dins de les 72 hores pr\u00e8vies<\/strong> o si els comensals no es presenten, es podr\u00e0 carregar <strong data-start=\"1225\" data-end=\"1294\">l\u2019import complet del men\u00fa seleccionat (160\u202f\u20ac o 190\u202f\u20ac per persona)<\/strong>.<\/p>\n<\/li>\n<\/ul>\n<p data-start=\"1297\" data-end=\"1316\"><strong data-start=\"1297\" data-end=\"1316\">Altres detalls:<\/strong><\/p>\n<ul data-start=\"1317\" data-end=\"1640\">\n<li data-start=\"1317\" data-end=\"1429\">\n<p data-start=\"1319\" data-end=\"1429\">La durada de la taula \u00e9s de <strong data-start=\"1347\" data-end=\"1370\">2 hores i 30 minuts<\/strong> (o <strong data-start=\"1374\" data-end=\"1397\">2 hores i 45 minuts<\/strong> si es tria un men\u00fa degustaci\u00f3).<\/p>\n<\/li>\n<li data-start=\"1430\" data-end=\"1640\">\n<p data-start=\"1432\" data-end=\"1640\">Les taules poden assignar-se a taula alta, baixa, compartida o a la barra segons disponibilitat. Tindrem en compte les prefer\u00e8ncies indicades, per\u00f2 <strong data-start=\"1580\" data-end=\"1639\">ens reservem el dret a fer l\u2019assignaci\u00f3 final de seient<\/strong>.<\/p>\n<\/li>\n<\/ul>\n<hr data-start=\"1642\" data-end=\"1645\" \/>\n<h3 data-start=\"1647\" data-end=\"1683\">\ud83d\udd39 Reserves de 5 a 10 persones:<\/h3>\n<ul data-start=\"1685\" data-end=\"1754\">\n<li data-start=\"1685\" data-end=\"1754\">\n<p data-start=\"1687\" data-end=\"1754\">\u00c9s obligatori escollir el <strong data-start=\"1713\" data-end=\"1753\">Men\u00fa Degustaci\u00f3 Mont (190\u202f\u20ac\/persona)<\/strong>.<\/p>\n<\/li>\n<\/ul>\n<p data-start=\"1756\" data-end=\"1790\"><strong data-start=\"1756\" data-end=\"1790\">Pagament previ i cancel\u00b7laci\u00f3:<\/strong><\/p>\n<ul data-start=\"1791\" data-end=\"2140\">\n<li data-start=\"1791\" data-end=\"1874\">\n<p data-start=\"1793\" data-end=\"1874\">Es requereix un <strong data-start=\"1809\" data-end=\"1848\">pagament previ de 190\u202f\u20ac per persona<\/strong> per confirmar la reserva.<\/p>\n<\/li>\n<li data-start=\"1875\" data-end=\"2013\">\n<p data-start=\"1877\" data-end=\"2013\">Si es cancel\u00b7la amb <strong data-start=\"1897\" data-end=\"1928\">m\u00e9s de 72 hores d\u2019antelaci\u00f3<\/strong>, el pagament podr\u00e0 ser <strong data-start=\"1952\" data-end=\"2012\">utilitzat en una futura visita dins dels pr\u00f2xims 6 mesos<\/strong>.<\/p>\n<\/li>\n<li data-start=\"2014\" data-end=\"2140\">\n<p data-start=\"2016\" data-end=\"2140\">Les cancel\u00b7lacions <strong data-start=\"2035\" data-end=\"2067\">dins de les 72 hores pr\u00e8vies<\/strong>, o la no-presentaci\u00f3, implicaran la <strong data-start=\"2104\" data-end=\"2139\">p\u00e8rdua total del pagament previ<\/strong>.<\/p>\n<\/li>\n<\/ul>\n<hr data-start=\"2142\" data-end=\"2145\" \/>\n<h3 data-start=\"2147\" data-end=\"2185\">\ud83d\udca1 Termes generals i recordatoris:<\/h3>\n<ul data-start=\"2187\" data-end=\"2701\">\n<li data-start=\"2187\" data-end=\"2245\">\n<p data-start=\"2189\" data-end=\"2245\">Oferim <strong data-start=\"2196\" data-end=\"2220\">maridatges opcionals<\/strong> ambd\u00f3s men\u00fas degustaci\u00f3.<\/p>\n<\/li>\n<li data-start=\"2246\" data-end=\"2381\">\n<p data-start=\"2248\" data-end=\"2381\">\u00c9s imprescindible informar-nos amb antelaci\u00f3 de qualsevol <strong data-start=\"2306\" data-end=\"2380\">al\u00b7l\u00e8rgia, intoler\u00e0ncia, restricci\u00f3 diet\u00e8tica o ingredient no desitjat<\/strong>.<\/p>\n<\/li>\n<li data-start=\"2382\" data-end=\"2553\">\n<p data-start=\"2384\" data-end=\"2553\"><strong data-start=\"2384\" data-end=\"2416\">La puntualitat \u00e9s essencial.<\/strong> Guardem les taules durant <strong data-start=\"2443\" data-end=\"2456\">15 minuts<\/strong> despr\u00e9s de l\u2019hora reservada; passat aquest temps, la reserva pot ser cancel\u00b7lada autom\u00e0ticament.<\/p>\n<\/li>\n<li data-start=\"2554\" data-end=\"2659\">\n<p data-start=\"2556\" data-end=\"2659\">Si arribeu tard, si us plau, contacteu amb nosaltres per tel\u00e8fon o escriviu-nos a <strong data-start=\"2638\" data-end=\"2658\"><a class=\"cursor-pointer\" rel=\"noopener\" data-start=\"2640\" data-end=\"2656\">info@montbar.com<\/a><\/strong>.<\/p>\n<\/li>\n<li data-start=\"2660\" data-end=\"2701\">\n<p data-start=\"2662\" data-end=\"2701\"><strong data-start=\"2662\" data-end=\"2701\">Els preus estan subjectes a canvis.<\/strong><\/p>\n<\/li>\n<\/ul>\n<p>[\/vc_column_text]\t<\/div>\n<\/div><\/div>[\/vc_column][\/vc_row]<\/p>\n","protected":false},"excerpt":{"rendered":"<p>[vc_row content_width=&#8221;grid&#8221; content_aligment=&#8221;center&#8221;][vc_column][vc_raw_html]JTNDaDElMjBjbGFzcyUzRCUyMmVsdGQtc2VjdGlvbi10aXRsZSUyMiUzRVBSRUdVTlRFUyUyMEZSRVElQzMlOUNFTlRTJTNDJTJGaDElM0U=[\/vc_raw_html][\/vc_column][\/vc_row][vc_row disable_element=&#8221;yes&#8221; content_width=&#8221;grid&#8221; content_aligment=&#8221;center&#8221;][vc_column][\/vc_column][\/vc_row][vc_row][vc_column][\/vc_column][\/vc_row]<\/p>\n","protected":false},"author":2,"featured_media":0,"parent":0,"menu_order":0,"comment_status":"closed","ping_status":"closed","template":"","meta":{"footnotes":""},"class_list":["post-10984","page","type-page","status-publish","hentry"],"_links":{"self":[{"href":"https:\/\/sandbox.montbar.com\/ca\/wp-json\/wp\/v2\/pages\/10984","targetHints":{"allow":["GET"]}}],"collection":[{"href":"https:\/\/sandbox.montbar.com\/ca\/wp-json\/wp\/v2\/pages"}],"about":[{"href":"https:\/\/sandbox.montbar.com\/ca\/wp-json\/wp\/v2\/types\/page"}],"author":[{"embeddable":true,"href":"https:\/\/sandbox.montbar.com\/ca\/wp-json\/wp\/v2\/users\/2"}],"replies":[{"embeddable":true,"href":"https:\/\/sandbox.montbar.com\/ca\/wp-json\/wp\/v2\/comments?post=10984"}],"version-history":[{"count":137,"href":"https:\/\/sandbox.montbar.com\/ca\/wp-json\/wp\/v2\/pages\/10984\/revisions"}],"predecessor-version":[{"id":12375,"href":"https:\/\/sandbox.montbar.com\/ca\/wp-json\/wp\/v2\/pages\/10984\/revisions\/12375"}],"wp:attachment":[{"href":"https:\/\/sandbox.montbar.com\/ca\/wp-json\/wp\/v2\/media?parent=10984"}],"curies":[{"name":"wp","href":"https:\/\/api.w.org\/{rel}","templated":true}]}}