{"id":10532,"date":"2022-04-11T14:40:28","date_gmt":"2022-04-11T14:40:28","guid":{"rendered":"https:\/\/www.montbar.com\/?page_id=10532"},"modified":"2025-12-11T09:49:49","modified_gmt":"2025-12-11T09:49:49","slug":"sobre-nosotros","status":"publish","type":"page","link":"https:\/\/sandbox.montbar.com\/ca\/sobre-nosotros\/","title":{"rendered":"SOBRE NOSALTRES"},"content":{"rendered":"<p>[vc_row disable_element=&#8221;yes&#8221;][vc_column][vc_column_text]<\/p>\n<div class=\"eltd-full-width\">\n<div class=\"eltd-full-width-inner\">\n<p>[\/vc_column_text][\/vc_column][\/vc_row][vc_row content_width=&#8221;grid&#8221; content_aligment=&#8221;center&#8221; el_id=&#8221;nos&#8221;][vc_column offset=&#8221;vc_col-lg-offset-3 vc_col-lg-6 vc_col-md-offset-1 vc_col-md-10&#8243;][vc_raw_html]JTNDaDElMjBjbGFzcyUzRCUyMmVsdGQtc2VjdGlvbi10aXRsZSUyMiUzRVNPQlJFJTIwTk9TQUxUUkVTJTNDJTJGaDElM0U=[\/vc_raw_html][vc_column_text]<\/p>\n<p style=\"text-align: center;\">Mont Bar \u00e9s restaurant de producte, un restaurant adaptat a la ciutat on es troba. La qualitat de la mat\u00e8ria primera i el producte de temporada \u00e9s un punt a favor per convertir-se en dest\u00ed.<\/p>\n<p style=\"text-align: center;\">A m\u00e9s, la traject\u00f2ria del nostre xef encara d\u00f3na m\u00e9s credibilitat a la proposta d&#8217;un restaurant que defineixen com a <strong>alta gastronomia d&#8217;un bar que no ho \u00e9s<\/strong>, portant a Mont Bar a una l\u00ednia m\u00e9s gastron\u00f2mica, m\u00e9s din\u00e0mica i amb un format diferent per compartir on els snacks s\u00f3n un senyal representatiu de la carta.<\/p>\n<p>[\/vc_column_text][vc_empty_space]<div class=\"eltd-team main-info-below-image\">\n\t<div class=\"eltd-team-inner\">\n\t\t\t\t\t<div class=\"eltd-team-image square\">\n\t\t\t\t<img loading=\"lazy\" decoding=\"async\" width=\"1707\" height=\"2560\" src=\"https:\/\/sandbox.montbar.com\/wp-content\/uploads\/2022\/12\/DSC04984-scaled.jpg\" class=\"attachment-full size-full\" alt=\"Iv\u00e1n Castro - Jefe de Sala\" srcset=\"https:\/\/sandbox.montbar.com\/wp-content\/uploads\/2022\/12\/DSC04984-scaled.jpg 1707w, https:\/\/sandbox.montbar.com\/wp-content\/uploads\/2022\/12\/DSC04984-200x300.jpg 200w, https:\/\/sandbox.montbar.com\/wp-content\/uploads\/2022\/12\/DSC04984-683x1024.jpg 683w, https:\/\/sandbox.montbar.com\/wp-content\/uploads\/2022\/12\/DSC04984-768x1152.jpg 768w, https:\/\/sandbox.montbar.com\/wp-content\/uploads\/2022\/12\/DSC04984-1024x1536.jpg 1024w, https:\/\/sandbox.montbar.com\/wp-content\/uploads\/2022\/12\/DSC04984-1365x2048.jpg 1365w\" sizes=\"auto, (max-width: 1707px) 100vw, 1707px\" \/>\t\t\t<\/div>\n\t\t\n\t\t<div class=\"eltd-team-info\">\n\t\t\t\t\t\t\t<h5 class=\"eltd-team-name\">\n\t\t\t\t\tIv\u00e1n Castro\t\t\t\t<\/h5>\n\t\t\t\t\t\t\t<h6 class=\"eltd-team-position\">Cap de sala<\/h6>\n\t\t\t\t\t\t<div class=\"eltd-team-social normal_social\">\n\t\t\t\t\t\t\t<\/div>\n\t\t<\/div>\n\n\t<\/div>\n<\/div>[vc_column_text]<\/p>\n<p style=\"text-align: center;\">Mont Bar i Mediamanga s\u00f3n el somni d&#8217;Iv\u00e1n Castro. D&#8217;origen catal\u00e0 i descendent d&#8217;una fam\u00edlia d&#8217;hostalers procedents de Mont, un petit poble a la localitat del Valld&#8217;Ar\u00e1n, que compta amb 46 habitants.<\/p>\n<p style=\"text-align: center;\">Iv\u00e1n sempre ha volgut que tots els seus projectes comptin amb una barra de bar, i aix\u00ed es reflecteix en els dos locals que regenta, juntament amb la seva dona, Kasaundra.<\/p>\n<p style=\"text-align: center;\">Iv\u00e1n format en comptabilitat, sumilleria i amb un alt coneixement en gastronomia, compta amb una traject\u00f2ria en negocis relacionats amb l&#8217;hostaleria, com la seva pr\u00f2pia distribu\u00efdora, i treballant a diferents restaurants i bars de Barcelona. Als 27 anys \u2013fa 11 anys -va obrir el seu projecte m\u00e9s personal, <strong>Mont Bar<\/strong>, i en fa 7, <a href=\"https:\/\/mediamanga.es\"><strong>Mediamanga<\/strong>.<\/a><\/p>\n<p data-start=\"1246\" data-end=\"1734\">Montbar ha enamorat els paladars m\u00e9s exigents amb una proposta gastron\u00f2mica marcada per la creativitat, la sensibilitat i una t\u00e8cnica impecable. Recentment distingit amb <strong data-start=\"1416\" data-end=\"1443\">dues estrelles Michelin<\/strong>, el restaurant referma la seva posici\u00f3 com un dels grans referents de la <strong data-start=\"1517\" data-end=\"1545\">cuina creativa i d\u2019autor<\/strong>. A aquest reconeixement s\u2019hi afegeixen prestigiosos guardons com els de la <strong data-start=\"1621\" data-end=\"1636\">Guia Repsol<\/strong> i el <strong data-start=\"1642\" data-end=\"1658\">Club Macarfi<\/strong>, consolidant Montbar com un dels establiments imprescindibles de la ciutat.<\/p>\n<p>[\/vc_column_text][vc_empty_space][\/vc_column][\/vc_row][vc_row][vc_column]<div class=\"eltd-carousel-holder clearfix eltd-carousel-standard-type\"><div class=\"eltd-carousel\" data-items=\"4\" data-show_in_two_rows=\"no\" data-navigation=\"yes\" data-pagination=\"yes\" data-autoplay-duration=\"4000\" data-image-animation=\"image-change\"><div class=\"eltd-carousel-item-holder\">\n\t\t\t\t\t\t<span class=\"eltd-carousel-first-image-holder  eltd-image-change\">\n\t\t\t\t<img decoding=\"async\" src=\"https:\/\/www.montbar.com\/wp-content\/uploads\/2022\/04\/DSC05351.jpeg\" alt=\"(ESP) team1\">\n\t\t\t\t\t\t\t<\/span>\n\t\t\t\t\t<\/div><div class=\"eltd-carousel-item-holder\">\n\t\t\t\t\t\t<span class=\"eltd-carousel-first-image-holder  eltd-image-change\">\n\t\t\t\t<img decoding=\"async\" src=\"https:\/\/www.montbar.com\/wp-content\/uploads\/2022\/05\/Mont-Bar-100.jpg\" alt=\"(ESP) team2\">\n\t\t\t\t\t\t\t<\/span>\n\t\t\t\t\t<\/div><div class=\"eltd-carousel-item-holder\">\n\t\t\t\t\t\t<span class=\"eltd-carousel-first-image-holder  eltd-image-change\">\n\t\t\t\t<img decoding=\"async\" src=\"https:\/\/www.montbar.com\/wp-content\/uploads\/2022\/04\/Mont-Bar-276.jpg\" alt=\"(ESP) team3\">\n\t\t\t\t\t\t\t<\/span>\n\t\t\t\t\t<\/div><div class=\"eltd-carousel-item-holder\">\n\t\t\t\t\t\t<span class=\"eltd-carousel-first-image-holder  eltd-image-change\">\n\t\t\t\t<img decoding=\"async\" src=\"https:\/\/www.montbar.com\/wp-content\/uploads\/2022\/05\/Mont-Bar-62.jpg\" alt=\"(ESP) team4\">\n\t\t\t\t\t\t\t<\/span>\n\t\t\t\t\t<\/div><\/div><\/div>[\/vc_column][\/vc_row][vc_row][vc_column][vc_column_text]<\/p>\n<\/div>\n<\/div>\n<p>[\/vc_column_text][\/vc_column][\/vc_row]<\/p>\n","protected":false},"excerpt":{"rendered":"<p>[vc_row disable_element=&#8221;yes&#8221;][vc_column][vc_column_text] [\/vc_column_text][\/vc_column][\/vc_row][vc_row content_width=&#8221;grid&#8221; content_aligment=&#8221;center&#8221; el_id=&#8221;nos&#8221;][vc_column offset=&#8221;vc_col-lg-offset-3 vc_col-lg-6 vc_col-md-offset-1 vc_col-md-10&#8243;][vc_raw_html]JTNDaDElMjBjbGFzcyUzRCUyMmVsdGQtc2VjdGlvbi10aXRsZSUyMiUzRVNPQlJFJTIwTk9TQUxUUkVTJTNDJTJGaDElM0U=[\/vc_raw_html][vc_column_text] Mont Bar \u00e9s restaurant de producte, un restaurant adaptat a la ciutat on es troba. La qualitat de la mat\u00e8ria primera i el producte de temporada \u00e9s un punt a favor per convertir-se en dest\u00ed&#8230;.<\/p>\n","protected":false},"author":10,"featured_media":0,"parent":0,"menu_order":0,"comment_status":"closed","ping_status":"closed","template":"","meta":{"footnotes":""},"class_list":["post-10532","page","type-page","status-publish","hentry"],"_links":{"self":[{"href":"https:\/\/sandbox.montbar.com\/ca\/wp-json\/wp\/v2\/pages\/10532","targetHints":{"allow":["GET"]}}],"collection":[{"href":"https:\/\/sandbox.montbar.com\/ca\/wp-json\/wp\/v2\/pages"}],"about":[{"href":"https:\/\/sandbox.montbar.com\/ca\/wp-json\/wp\/v2\/types\/page"}],"author":[{"embeddable":true,"href":"https:\/\/sandbox.montbar.com\/ca\/wp-json\/wp\/v2\/users\/10"}],"replies":[{"embeddable":true,"href":"https:\/\/sandbox.montbar.com\/ca\/wp-json\/wp\/v2\/comments?post=10532"}],"version-history":[{"count":98,"href":"https:\/\/sandbox.montbar.com\/ca\/wp-json\/wp\/v2\/pages\/10532\/revisions"}],"predecessor-version":[{"id":12584,"href":"https:\/\/sandbox.montbar.com\/ca\/wp-json\/wp\/v2\/pages\/10532\/revisions\/12584"}],"wp:attachment":[{"href":"https:\/\/sandbox.montbar.com\/ca\/wp-json\/wp\/v2\/media?parent=10532"}],"curies":[{"name":"wp","href":"https:\/\/api.w.org\/{rel}","templated":true}]}}